{"id":38,"date":"2025-08-14T13:10:21","date_gmt":"2025-08-14T13:10:21","guid":{"rendered":"https:\/\/boutique-cobalt.fr\/?page_id=38"},"modified":"2026-02-06T15:36:47","modified_gmt":"2026-02-06T15:36:47","slug":"magasin-de-bijoux-fantaisie","status":"publish","type":"page","link":"https:\/\/boutique-cobalt.fr\/?page_id=38","title":{"rendered":"Bijoux"},"content":{"rendered":"\t\t<div data-elementor-type=\"wp-page\" data-elementor-id=\"38\" class=\"elementor elementor-38\">\n\t\t\t\t<div class=\"elementor-element elementor-element-4217bbb e-flex e-con-boxed e-con e-parent\" data-id=\"4217bbb\" data-element_type=\"container\">\n\t\t\t\t\t<div class=\"e-con-inner\">\n\t\t\t\t<div class=\"elementor-element elementor-element-4a45792 elementor-widget elementor-widget-heading\" data-id=\"4a45792\" data-element_type=\"widget\" data-widget_type=\"heading.default\">\n\t\t\t\t<div class=\"elementor-widget-container\">\n\t\t\t\t\t<h2 class=\"elementor-heading-title elementor-size-default\">Votre magasin de bijoux fantaisie \u00e0 Lyon<\/h2>\t\t\t\t<\/div>\n\t\t\t\t<\/div>\n\t\t\t\t\t<\/div>\n\t\t\t\t<\/div>\n\t\t<div class=\"elementor-element elementor-element-4c11d5d e-flex e-con-boxed e-con e-parent\" data-id=\"4c11d5d\" data-element_type=\"container\">\n\t\t\t\t\t<div class=\"e-con-inner\">\n\t\t\t\t<div class=\"elementor-element elementor-element-bbe44b2 elementor-widget elementor-widget-text-editor\" data-id=\"bbe44b2\" data-element_type=\"widget\" data-widget_type=\"text-editor.default\">\n\t\t\t\t<div class=\"elementor-widget-container\">\n\t\t\t\t\t\t\t\t\t<p>Voil\u00e0 10 ans que Patricia (<em>Beyond Paper<\/em>) et Marie (<em>l&rsquo;atelier lyonnais<\/em>) vendent leurs bijoux sur la mont\u00e9e ! En 2021, ce duo de bijouti\u00e8res co-fonde la boutique Cobalt. En boutique, \u00e0 leurs bijoux fantaisie color\u00e9s s\u2019ajoutent ceux de G\u00e9raldine depuis l\u2019\u00e9t\u00e9 2024.<\/p>\t\t\t\t\t\t\t\t<\/div>\n\t\t\t\t<\/div>\n\t\t\t\t\t<\/div>\n\t\t\t\t<\/div>\n\t\t<div class=\"elementor-element elementor-element-3570b4b e-flex e-con-boxed e-con e-parent\" data-id=\"3570b4b\" data-element_type=\"container\">\n\t\t\t\t\t<div class=\"e-con-inner\">\n\t\t<div class=\"elementor-element elementor-element-7986be3 e-con-full e-flex e-con e-child\" data-id=\"7986be3\" data-element_type=\"container\">\n\t\t\t\t<div class=\"elementor-element elementor-element-4eb540a elementor-widget elementor-widget-image\" data-id=\"4eb540a\" data-element_type=\"widget\" data-widget_type=\"image.default\">\n\t\t\t\t<div class=\"elementor-widget-container\">\n\t\t\t\t\t\t\t\t\t\t\t\t\t\t\t<img decoding=\"async\" src=\"https:\/\/boutique-cobalt.fr\/wp-content\/plugins\/elementor\/assets\/images\/placeholder.png\" title=\"\" alt=\"\" loading=\"lazy\" \/>\t\t\t\t\t\t\t\t\t\t\t\t\t\t\t<\/div>\n\t\t\t\t<\/div>\n\t\t\t\t<\/div>\n\t\t<div class=\"elementor-element elementor-element-5e8f4e2 e-con-full e-flex e-con e-child\" data-id=\"5e8f4e2\" data-element_type=\"container\">\n\t\t\t\t<div class=\"elementor-element elementor-element-066d0b9 elementor-widget elementor-widget-heading\" data-id=\"066d0b9\" data-element_type=\"widget\" data-widget_type=\"heading.default\">\n\t\t\t\t<div class=\"elementor-widget-container\">\n\t\t\t\t\t<h3 class=\"elementor-heading-title elementor-size-default\">L'ATELIER LYONNAIS<\/h3>\t\t\t\t<\/div>\n\t\t\t\t<\/div>\n\t\t\t\t<div class=\"elementor-element elementor-element-48b887e elementor-widget elementor-widget-text-editor\" data-id=\"48b887e\" data-element_type=\"widget\" data-widget_type=\"text-editor.default\">\n\t\t\t\t<div class=\"elementor-widget-container\">\n\t\t\t\t\t\t\t\t\t<p>Marie cr\u00e9e des bijoux en polym\u00e8re, cette mati\u00e8re qu\u2019elle mod\u00e8le du bout des doigts avec le sens de la pr\u00e9cision et du r\u00e9alisme. Miniaturiste, elle propose \u00e0 la fois des bijoux et des objets de d\u00e9coration. Les bijoux se d\u00e9clinent en forme de nourriture ou fleurs miniatures, ainsi que des collections d\u2019autres inspirations comme les azulejos. Les objets miniatures sont r\u00e9alis\u00e9s principalement sur-mesure et sont \u00e0 installer sur une \u00e9tag\u00e8re ou \u00e0 ins\u00e9rer dans votre biblioth\u00e8que.\u00a0<\/p>\t\t\t\t\t\t\t\t<\/div>\n\t\t\t\t<\/div>\n\t\t\t\t<div class=\"elementor-element elementor-element-7ca3bf3 elementor-widget elementor-widget-button\" data-id=\"7ca3bf3\" data-element_type=\"widget\" data-widget_type=\"button.default\">\n\t\t\t\t<div class=\"elementor-widget-container\">\n\t\t\t\t\t\t\t\t\t<div class=\"elementor-button-wrapper\">\n\t\t\t\t\t<a class=\"elementor-button elementor-button-link elementor-size-sm\" href=\"#\">\n\t\t\t\t\t\t<span class=\"elementor-button-content-wrapper\">\n\t\t\t\t\t\t\t\t\t<span class=\"elementor-button-text\">Cliquez ici<\/span>\n\t\t\t\t\t<\/span>\n\t\t\t\t\t<\/a>\n\t\t\t\t<\/div>\n\t\t\t\t\t\t\t\t<\/div>\n\t\t\t\t<\/div>\n\t\t\t\t<\/div>\n\t\t\t\t\t<\/div>\n\t\t\t\t<\/div>\n\t\t<div class=\"elementor-element elementor-element-026f431 e-flex e-con-boxed e-con e-parent\" data-id=\"026f431\" data-element_type=\"container\">\n\t\t\t\t\t<div class=\"e-con-inner\">\n\t\t<div class=\"elementor-element elementor-element-51f1b8d e-con-full e-flex e-con e-child\" data-id=\"51f1b8d\" data-element_type=\"container\">\n\t\t\t\t<div class=\"elementor-element elementor-element-e9cf34f elementor-widget elementor-widget-heading\" data-id=\"e9cf34f\" data-element_type=\"widget\" data-widget_type=\"heading.default\">\n\t\t\t\t<div class=\"elementor-widget-container\">\n\t\t\t\t\t<h3 class=\"elementor-heading-title elementor-size-default\">BLOOMING DAY<\/h3>\t\t\t\t<\/div>\n\t\t\t\t<\/div>\n\t\t\t\t<div class=\"elementor-element elementor-element-9867470 elementor-widget elementor-widget-text-editor\" data-id=\"9867470\" data-element_type=\"widget\" data-widget_type=\"text-editor.default\">\n\t\t\t\t<div class=\"elementor-widget-container\">\n\t\t\t\t\t\t\t\t\t<p>Notre bijouti\u00e8re traditionnelle travaille \u201c\u00e0 la cheville\u201d et d\u00e9coupe chacune de ses pi\u00e8ces \u00e0 la main au bocfil. Sur une base de laiton, chaque bijou est ensuite dor\u00e9 ou argent\u00e9 par un placage de qualit\u00e9 (18 microns). Ses inspirations sont v\u00e9g\u00e9tales et g\u00e9om\u00e9triques.\u00a0<\/p><p>Certaines pi\u00e8ces sont orn\u00e9es de cabochons de verre qu\u2019elle r\u00e9alise elle-m\u00eame gr\u00e2ce \u00e0 la technique du fusing.<\/p>\t\t\t\t\t\t\t\t<\/div>\n\t\t\t\t<\/div>\n\t\t\t\t<div class=\"elementor-element elementor-element-65a9ddf elementor-widget elementor-widget-button\" data-id=\"65a9ddf\" data-element_type=\"widget\" data-widget_type=\"button.default\">\n\t\t\t\t<div class=\"elementor-widget-container\">\n\t\t\t\t\t\t\t\t\t<div class=\"elementor-button-wrapper\">\n\t\t\t\t\t<a class=\"elementor-button elementor-button-link elementor-size-sm\" href=\"#\">\n\t\t\t\t\t\t<span class=\"elementor-button-content-wrapper\">\n\t\t\t\t\t\t\t\t\t<span class=\"elementor-button-text\">Cliquez ici<\/span>\n\t\t\t\t\t<\/span>\n\t\t\t\t\t<\/a>\n\t\t\t\t<\/div>\n\t\t\t\t\t\t\t\t<\/div>\n\t\t\t\t<\/div>\n\t\t\t\t<\/div>\n\t\t<div class=\"elementor-element elementor-element-3915b40 e-con-full e-flex e-con e-child\" data-id=\"3915b40\" data-element_type=\"container\">\n\t\t\t\t<div class=\"elementor-element elementor-element-505eaf4 elementor-widget elementor-widget-image\" data-id=\"505eaf4\" data-element_type=\"widget\" data-widget_type=\"image.default\">\n\t\t\t\t<div class=\"elementor-widget-container\">\n\t\t\t\t\t\t\t\t\t\t\t\t\t\t\t<img decoding=\"async\" src=\"https:\/\/boutique-cobalt.fr\/wp-content\/plugins\/elementor\/assets\/images\/placeholder.png\" title=\"\" alt=\"\" loading=\"lazy\" \/>\t\t\t\t\t\t\t\t\t\t\t\t\t\t\t<\/div>\n\t\t\t\t<\/div>\n\t\t\t\t<\/div>\n\t\t\t\t\t<\/div>\n\t\t\t\t<\/div>\n\t\t<div class=\"elementor-element elementor-element-9d08730 e-flex e-con-boxed e-con e-parent\" data-id=\"9d08730\" data-element_type=\"container\">\n\t\t\t\t\t<div class=\"e-con-inner\">\n\t\t<div class=\"elementor-element elementor-element-b7ede18 e-con-full e-flex e-con e-child\" data-id=\"b7ede18\" data-element_type=\"container\">\n\t\t\t\t<div class=\"elementor-element elementor-element-96e2d62 elementor-widget elementor-widget-image\" data-id=\"96e2d62\" data-element_type=\"widget\" data-widget_type=\"image.default\">\n\t\t\t\t<div class=\"elementor-widget-container\">\n\t\t\t\t\t\t\t\t\t\t\t\t\t\t\t<img decoding=\"async\" src=\"https:\/\/boutique-cobalt.fr\/wp-content\/plugins\/elementor\/assets\/images\/placeholder.png\" title=\"\" alt=\"\" loading=\"lazy\" \/>\t\t\t\t\t\t\t\t\t\t\t\t\t\t\t<\/div>\n\t\t\t\t<\/div>\n\t\t\t\t<\/div>\n\t\t<div class=\"elementor-element elementor-element-3a652e2 e-con-full e-flex e-con e-child\" data-id=\"3a652e2\" data-element_type=\"container\">\n\t\t\t\t<div class=\"elementor-element elementor-element-94cd693 elementor-widget elementor-widget-heading\" data-id=\"94cd693\" data-element_type=\"widget\" data-widget_type=\"heading.default\">\n\t\t\t\t<div class=\"elementor-widget-container\">\n\t\t\t\t\t<h3 class=\"elementor-heading-title elementor-size-default\">BEYOND PAPER<\/h3>\t\t\t\t<\/div>\n\t\t\t\t<\/div>\n\t\t\t\t<div class=\"elementor-element elementor-element-cef9196 elementor-widget elementor-widget-text-editor\" data-id=\"cef9196\" data-element_type=\"widget\" data-widget_type=\"text-editor.default\">\n\t\t\t\t<div class=\"elementor-widget-container\">\n\t\t\t\t\t\t\t\t\t<p>Patricia manie et sublime le papier. Elle vous propose des bijoux fantaisie en papier et laiton aux formes art nouveau, art d\u00e9co et g\u00e9om\u00e9triques.\u00a0<\/p><p>Utilisant des techniques de d\u00e9coupe, de roulage et collage du papier, ce papier recycl\u00e9 d\u2019anciens livres de poche n\u2019est presque pas perceptible ! Il est bien s\u00fbr prot\u00e9g\u00e9 par diff\u00e9rents vernis pour rendre votre bijou durable dans le temps.\u00a0<\/p>\t\t\t\t\t\t\t\t<\/div>\n\t\t\t\t<\/div>\n\t\t\t\t<div class=\"elementor-element elementor-element-3fba82b elementor-widget elementor-widget-button\" data-id=\"3fba82b\" data-element_type=\"widget\" data-widget_type=\"button.default\">\n\t\t\t\t<div class=\"elementor-widget-container\">\n\t\t\t\t\t\t\t\t\t<div class=\"elementor-button-wrapper\">\n\t\t\t\t\t<a class=\"elementor-button elementor-button-link elementor-size-sm\" href=\"#\">\n\t\t\t\t\t\t<span class=\"elementor-button-content-wrapper\">\n\t\t\t\t\t\t\t\t\t<span class=\"elementor-button-text\">Cliquez ici<\/span>\n\t\t\t\t\t<\/span>\n\t\t\t\t\t<\/a>\n\t\t\t\t<\/div>\n\t\t\t\t\t\t\t\t<\/div>\n\t\t\t\t<\/div>\n\t\t\t\t<\/div>\n\t\t\t\t\t<\/div>\n\t\t\t\t<\/div>\n\t\t\t\t<\/div>\n\t\t","protected":false},"excerpt":{"rendered":"<p>Votre magasin de bijoux fantaisie \u00e0 Lyon Voil\u00e0 10 ans que Patricia (Beyond Paper) et Marie (l&rsquo;atelier lyonnais) vendent leurs bijoux sur la mont\u00e9e ! En 2021, ce duo de bijouti\u00e8res co-fonde la boutique Cobalt. En boutique, \u00e0 leurs bijoux fantaisie color\u00e9s s\u2019ajoutent ceux de G\u00e9raldine depuis l\u2019\u00e9t\u00e9 2024. L&rsquo;ATELIER LYONNAIS Marie cr\u00e9e des bijoux [&hellip;]<\/p>\n","protected":false},"author":1,"featured_media":0,"parent":0,"menu_order":0,"comment_status":"closed","ping_status":"closed","template":"","meta":{"footnotes":""},"class_list":["post-38","page","type-page","status-publish","hentry","entry"],"yoast_head":"<!-- This site is optimized with the Yoast SEO plugin v25.7 - https:\/\/yoast.com\/wordpress\/plugins\/seo\/ -->\n<title>Bijoux -<\/title>\n<meta name=\"description\" content=\"D\u00e9couvrez les bijoux fantaisie des cr\u00e9atrices de la boutique Cobalt votre magasin de bijoux fantaisie \u00e0 Lyon\" \/>\n<meta name=\"robots\" content=\"index, follow, max-snippet:-1, max-image-preview:large, max-video-preview:-1\" \/>\n<link rel=\"canonical\" href=\"https:\/\/boutique-cobalt.fr\/?page_id=38\" \/>\n<meta property=\"og:locale\" content=\"fr_FR\" \/>\n<meta property=\"og:type\" content=\"article\" \/>\n<meta property=\"og:title\" content=\"Bijoux -\" \/>\n<meta property=\"og:description\" content=\"D\u00e9couvrez les bijoux fantaisie des cr\u00e9atrices de la boutique Cobalt votre magasin de bijoux fantaisie \u00e0 Lyon\" \/>\n<meta property=\"og:url\" content=\"https:\/\/boutique-cobalt.fr\/?page_id=38\" \/>\n<meta property=\"article:modified_time\" content=\"2026-02-06T15:36:47+00:00\" \/>\n<meta property=\"og:image\" content=\"https:\/\/boutique-cobalt.fr\/wp-content\/plugins\/elementor\/assets\/images\/placeholder.png\" \/>\n<meta name=\"twitter:card\" content=\"summary_large_image\" \/>\n<meta name=\"twitter:label1\" content=\"Dur\u00e9e de lecture estim\u00e9e\" \/>\n\t<meta name=\"twitter:data1\" content=\"2 minutes\" \/>\n<script type=\"application\/ld+json\" class=\"yoast-schema-graph\">{\"@context\":\"https:\/\/schema.org\",\"@graph\":[{\"@type\":\"WebPage\",\"@id\":\"https:\/\/boutique-cobalt.fr\/?page_id=38\",\"url\":\"https:\/\/boutique-cobalt.fr\/?page_id=38\",\"name\":\"Bijoux -\",\"isPartOf\":{\"@id\":\"https:\/\/boutique-cobalt.fr\/#website\"},\"primaryImageOfPage\":{\"@id\":\"https:\/\/boutique-cobalt.fr\/?page_id=38#primaryimage\"},\"image\":{\"@id\":\"https:\/\/boutique-cobalt.fr\/?page_id=38#primaryimage\"},\"thumbnailUrl\":\"https:\/\/boutique-cobalt.fr\/wp-content\/plugins\/elementor\/assets\/images\/placeholder.png\",\"datePublished\":\"2025-08-14T13:10:21+00:00\",\"dateModified\":\"2026-02-06T15:36:47+00:00\",\"description\":\"D\u00e9couvrez les bijoux fantaisie des cr\u00e9atrices de la boutique Cobalt votre magasin de bijoux fantaisie \u00e0 Lyon\",\"breadcrumb\":{\"@id\":\"https:\/\/boutique-cobalt.fr\/?page_id=38#breadcrumb\"},\"inLanguage\":\"fr-FR\",\"potentialAction\":[{\"@type\":\"ReadAction\",\"target\":[\"https:\/\/boutique-cobalt.fr\/?page_id=38\"]}]},{\"@type\":\"ImageObject\",\"inLanguage\":\"fr-FR\",\"@id\":\"https:\/\/boutique-cobalt.fr\/?page_id=38#primaryimage\",\"url\":\"https:\/\/boutique-cobalt.fr\/wp-content\/plugins\/elementor\/assets\/images\/placeholder.png\",\"contentUrl\":\"https:\/\/boutique-cobalt.fr\/wp-content\/plugins\/elementor\/assets\/images\/placeholder.png\"},{\"@type\":\"BreadcrumbList\",\"@id\":\"https:\/\/boutique-cobalt.fr\/?page_id=38#breadcrumb\",\"itemListElement\":[{\"@type\":\"ListItem\",\"position\":1,\"name\":\"Accueil\",\"item\":\"https:\/\/boutique-cobalt.fr\/\"},{\"@type\":\"ListItem\",\"position\":2,\"name\":\"Bijoux\"}]},{\"@type\":\"WebSite\",\"@id\":\"https:\/\/boutique-cobalt.fr\/#website\",\"url\":\"https:\/\/boutique-cobalt.fr\/\",\"name\":\"\",\"description\":\"\",\"potentialAction\":[{\"@type\":\"SearchAction\",\"target\":{\"@type\":\"EntryPoint\",\"urlTemplate\":\"https:\/\/boutique-cobalt.fr\/?s={search_term_string}\"},\"query-input\":{\"@type\":\"PropertyValueSpecification\",\"valueRequired\":true,\"valueName\":\"search_term_string\"}}],\"inLanguage\":\"fr-FR\"}]}<\/script>\n<!-- \/ Yoast SEO plugin. -->","yoast_head_json":{"title":"Bijoux -","description":"D\u00e9couvrez les bijoux fantaisie des cr\u00e9atrices de la boutique Cobalt votre magasin de bijoux fantaisie \u00e0 Lyon","robots":{"index":"index","follow":"follow","max-snippet":"max-snippet:-1","max-image-preview":"max-image-preview:large","max-video-preview":"max-video-preview:-1"},"canonical":"https:\/\/boutique-cobalt.fr\/?page_id=38","og_locale":"fr_FR","og_type":"article","og_title":"Bijoux -","og_description":"D\u00e9couvrez les bijoux fantaisie des cr\u00e9atrices de la boutique Cobalt votre magasin de bijoux fantaisie \u00e0 Lyon","og_url":"https:\/\/boutique-cobalt.fr\/?page_id=38","article_modified_time":"2026-02-06T15:36:47+00:00","og_image":[{"url":"https:\/\/boutique-cobalt.fr\/wp-content\/plugins\/elementor\/assets\/images\/placeholder.png","type":"","width":"","height":""}],"twitter_card":"summary_large_image","twitter_misc":{"Dur\u00e9e de lecture estim\u00e9e":"2 minutes"},"schema":{"@context":"https:\/\/schema.org","@graph":[{"@type":"WebPage","@id":"https:\/\/boutique-cobalt.fr\/?page_id=38","url":"https:\/\/boutique-cobalt.fr\/?page_id=38","name":"Bijoux -","isPartOf":{"@id":"https:\/\/boutique-cobalt.fr\/#website"},"primaryImageOfPage":{"@id":"https:\/\/boutique-cobalt.fr\/?page_id=38#primaryimage"},"image":{"@id":"https:\/\/boutique-cobalt.fr\/?page_id=38#primaryimage"},"thumbnailUrl":"https:\/\/boutique-cobalt.fr\/wp-content\/plugins\/elementor\/assets\/images\/placeholder.png","datePublished":"2025-08-14T13:10:21+00:00","dateModified":"2026-02-06T15:36:47+00:00","description":"D\u00e9couvrez les bijoux fantaisie des cr\u00e9atrices de la boutique Cobalt votre magasin de bijoux fantaisie \u00e0 Lyon","breadcrumb":{"@id":"https:\/\/boutique-cobalt.fr\/?page_id=38#breadcrumb"},"inLanguage":"fr-FR","potentialAction":[{"@type":"ReadAction","target":["https:\/\/boutique-cobalt.fr\/?page_id=38"]}]},{"@type":"ImageObject","inLanguage":"fr-FR","@id":"https:\/\/boutique-cobalt.fr\/?page_id=38#primaryimage","url":"https:\/\/boutique-cobalt.fr\/wp-content\/plugins\/elementor\/assets\/images\/placeholder.png","contentUrl":"https:\/\/boutique-cobalt.fr\/wp-content\/plugins\/elementor\/assets\/images\/placeholder.png"},{"@type":"BreadcrumbList","@id":"https:\/\/boutique-cobalt.fr\/?page_id=38#breadcrumb","itemListElement":[{"@type":"ListItem","position":1,"name":"Accueil","item":"https:\/\/boutique-cobalt.fr\/"},{"@type":"ListItem","position":2,"name":"Bijoux"}]},{"@type":"WebSite","@id":"https:\/\/boutique-cobalt.fr\/#website","url":"https:\/\/boutique-cobalt.fr\/","name":"","description":"","potentialAction":[{"@type":"SearchAction","target":{"@type":"EntryPoint","urlTemplate":"https:\/\/boutique-cobalt.fr\/?s={search_term_string}"},"query-input":{"@type":"PropertyValueSpecification","valueRequired":true,"valueName":"search_term_string"}}],"inLanguage":"fr-FR"}]}},"_links":{"self":[{"href":"https:\/\/boutique-cobalt.fr\/index.php?rest_route=\/wp\/v2\/pages\/38","targetHints":{"allow":["GET"]}}],"collection":[{"href":"https:\/\/boutique-cobalt.fr\/index.php?rest_route=\/wp\/v2\/pages"}],"about":[{"href":"https:\/\/boutique-cobalt.fr\/index.php?rest_route=\/wp\/v2\/types\/page"}],"author":[{"embeddable":true,"href":"https:\/\/boutique-cobalt.fr\/index.php?rest_route=\/wp\/v2\/users\/1"}],"replies":[{"embeddable":true,"href":"https:\/\/boutique-cobalt.fr\/index.php?rest_route=%2Fwp%2Fv2%2Fcomments&post=38"}],"version-history":[{"count":7,"href":"https:\/\/boutique-cobalt.fr\/index.php?rest_route=\/wp\/v2\/pages\/38\/revisions"}],"predecessor-version":[{"id":201,"href":"https:\/\/boutique-cobalt.fr\/index.php?rest_route=\/wp\/v2\/pages\/38\/revisions\/201"}],"wp:attachment":[{"href":"https:\/\/boutique-cobalt.fr\/index.php?rest_route=%2Fwp%2Fv2%2Fmedia&parent=38"}],"curies":[{"name":"wp","href":"https:\/\/api.w.org\/{rel}","templated":true}]}}